{"id":97,"date":"2025-11-23T10:10:27","date_gmt":"2025-11-23T10:10:27","guid":{"rendered":"https:\/\/majestyacht.com\/?page_id=97"},"modified":"2025-12-06T20:54:03","modified_gmt":"2025-12-06T20:54:03","slug":"home","status":"publish","type":"page","link":"https:\/\/majestyacht.com\/fr\/","title":{"rendered":"Accueil"},"content":{"rendered":"","protected":false},"excerpt":{"rendered":"","protected":false},"author":1,"featured_media":0,"parent":0,"menu_order":0,"comment_status":"closed","ping_status":"closed","template":"templates\/home.php","meta":{"_acf_changed":false,"content-type":"","footnotes":""},"class_list":["post-97","page","type-page","status-publish","hentry"],"acf":[],"yoast_head":"<!-- This site is optimized with the Yoast SEO plugin v26.5 - https:\/\/yoast.com\/wordpress\/plugins\/seo\/ -->\n<title>Majesty Yacht | highest quality yachts available in the UAE<\/title>\n<meta name=\"description\" content=\"At Majesty Yachts we are the proud owners of the highest quality yachts available in the UAE. It isn&#039;t just the fleet that is impeccable, but also the crew. The Majesty Yachts&#039; crew are the best in the yacht industry can offer.\" \/>\n<meta name=\"robots\" content=\"index, follow, max-snippet:-1, max-image-preview:large, max-video-preview:-1\" \/>\n<link rel=\"canonical\" href=\"https:\/\/majestyacht.com\/fr\/\" \/>\n<meta property=\"og:locale\" content=\"fr_FR\" \/>\n<meta property=\"og:type\" content=\"article\" \/>\n<meta property=\"og:title\" content=\"Majesty Yacht | highest quality yachts available in the UAE\" \/>\n<meta property=\"og:description\" content=\"At Majesty Yachts we are the proud owners of the highest quality yachts available in the UAE. It isn&#039;t just the fleet that is impeccable, but also the crew. The Majesty Yachts&#039; crew are the best in the yacht industry can offer.\" \/>\n<meta property=\"og:url\" content=\"https:\/\/majestyacht.com\/fr\/\" \/>\n<meta property=\"og:site_name\" content=\"Majesty Yacht\" \/>\n<meta property=\"article:modified_time\" content=\"2025-12-06T20:54:03+00:00\" \/>\n<meta name=\"twitter:card\" content=\"summary_large_image\" \/>\n<script type=\"application\/ld+json\" class=\"yoast-schema-graph\">{\"@context\":\"https:\/\/schema.org\",\"@graph\":[{\"@type\":\"WebPage\",\"@id\":\"https:\/\/majestyacht.com\/\",\"url\":\"https:\/\/majestyacht.com\/\",\"name\":\"Majesty Yacht | highest quality yachts available in the UAE\",\"isPartOf\":{\"@id\":\"https:\/\/majestyacht.com\/#website\"},\"datePublished\":\"2025-11-23T10:10:27+00:00\",\"dateModified\":\"2025-12-06T20:54:03+00:00\",\"description\":\"At Majesty Yachts we are the proud owners of the highest quality yachts available in the UAE. It isn't just the fleet that is impeccable, but also the crew. The Majesty Yachts' crew are the best in the yacht industry can offer.\",\"breadcrumb\":{\"@id\":\"https:\/\/majestyacht.com\/#breadcrumb\"},\"inLanguage\":\"fr-FR\",\"potentialAction\":[{\"@type\":\"ReadAction\",\"target\":[\"https:\/\/majestyacht.com\/\"]}]},{\"@type\":\"BreadcrumbList\",\"@id\":\"https:\/\/majestyacht.com\/#breadcrumb\",\"itemListElement\":[{\"@type\":\"ListItem\",\"position\":1,\"name\":\"Home\",\"item\":\"https:\/\/majestyacht.com\/\"},{\"@type\":\"ListItem\",\"position\":2,\"name\":\"Home\"}]},{\"@type\":\"WebSite\",\"@id\":\"https:\/\/majestyacht.com\/#website\",\"url\":\"https:\/\/majestyacht.com\/\",\"name\":\"Majesty Yacht\",\"description\":\"Majesty Yacht\",\"potentialAction\":[{\"@type\":\"SearchAction\",\"target\":{\"@type\":\"EntryPoint\",\"urlTemplate\":\"https:\/\/majestyacht.com\/?s={search_term_string}\"},\"query-input\":{\"@type\":\"PropertyValueSpecification\",\"valueRequired\":true,\"valueName\":\"search_term_string\"}}],\"inLanguage\":\"fr-FR\"}]}<\/script>\n<!-- \/ Yoast SEO plugin. -->","yoast_head_json":{"title":"Majesty Yacht | highest quality yachts available in the UAE","description":"Chez Majesty Yachts, nous sommes fiers de poss\u00e9der les yachts de la plus haute qualit\u00e9 disponibles aux \u00c9mirats arabes unis. Ce n\u2019est pas seulement notre flotte qui est impeccable, mais aussi notre \u00e9quipage. L\u2019\u00e9quipage de Majesty Yachts compte parmi les meilleurs que l\u2019industrie du yachting puisse offrir.","robots":{"index":"index","follow":"follow","max-snippet":"max-snippet:-1","max-image-preview":"max-image-preview:large","max-video-preview":"max-video-preview:-1"},"canonical":"https:\/\/majestyacht.com\/fr\/","og_locale":"fr_FR","og_type":"article","og_title":"Majesty Yacht | highest quality yachts available in the UAE","og_description":"At Majesty Yachts we are the proud owners of the highest quality yachts available in the UAE. It isn't just the fleet that is impeccable, but also the crew. The Majesty Yachts' crew are the best in the yacht industry can offer.","og_url":"https:\/\/majestyacht.com\/fr\/","og_site_name":"Majesty Yacht","article_modified_time":"2025-12-06T20:54:03+00:00","twitter_card":"summary_large_image","schema":{"@context":"https:\/\/schema.org","@graph":[{"@type":"WebPage","@id":"https:\/\/majestyacht.com\/","url":"https:\/\/majestyacht.com\/","name":"Majesty Yacht | highest quality yachts available in the UAE","isPartOf":{"@id":"https:\/\/majestyacht.com\/#website"},"datePublished":"2025-11-23T10:10:27+00:00","dateModified":"2025-12-06T20:54:03+00:00","description":"Chez Majesty Yachts, nous sommes fiers de poss\u00e9der les yachts de la plus haute qualit\u00e9 disponibles aux \u00c9mirats arabes unis. Ce n\u2019est pas seulement notre flotte qui est impeccable, mais aussi notre \u00e9quipage. L\u2019\u00e9quipage de Majesty Yachts compte parmi les meilleurs que l\u2019industrie du yachting puisse offrir.","breadcrumb":{"@id":"https:\/\/majestyacht.com\/#breadcrumb"},"inLanguage":"fr-FR","potentialAction":[{"@type":"ReadAction","target":["https:\/\/majestyacht.com\/"]}]},{"@type":"BreadcrumbList","@id":"https:\/\/majestyacht.com\/#breadcrumb","itemListElement":[{"@type":"ListItem","position":1,"name":"Home","item":"https:\/\/majestyacht.com\/"},{"@type":"ListItem","position":2,"name":"Home"}]},{"@type":"WebSite","@id":"https:\/\/majestyacht.com\/#website","url":"https:\/\/majestyacht.com\/","name":"Majesty Yacht","description":"Majesty Yacht","potentialAction":[{"@type":"SearchAction","target":{"@type":"EntryPoint","urlTemplate":"https:\/\/majestyacht.com\/?s={search_term_string}"},"query-input":{"@type":"PropertyValueSpecification","valueRequired":true,"valueName":"search_term_string"}}],"inLanguage":"fr-FR"}]}},"_links":{"self":[{"href":"https:\/\/majestyacht.com\/fr\/wp-json\/wp\/v2\/pages\/97","targetHints":{"allow":["GET"]}}],"collection":[{"href":"https:\/\/majestyacht.com\/fr\/wp-json\/wp\/v2\/pages"}],"about":[{"href":"https:\/\/majestyacht.com\/fr\/wp-json\/wp\/v2\/types\/page"}],"author":[{"embeddable":true,"href":"https:\/\/majestyacht.com\/fr\/wp-json\/wp\/v2\/users\/1"}],"replies":[{"embeddable":true,"href":"https:\/\/majestyacht.com\/fr\/wp-json\/wp\/v2\/comments?post=97"}],"version-history":[{"count":1,"href":"https:\/\/majestyacht.com\/fr\/wp-json\/wp\/v2\/pages\/97\/revisions"}],"predecessor-version":[{"id":98,"href":"https:\/\/majestyacht.com\/fr\/wp-json\/wp\/v2\/pages\/97\/revisions\/98"}],"wp:attachment":[{"href":"https:\/\/majestyacht.com\/fr\/wp-json\/wp\/v2\/media?parent=97"}],"curies":[{"name":"wp","href":"https:\/\/api.w.org\/{rel}","templated":true}]}}